{"id":215,"date":"2021-01-29T11:33:31","date_gmt":"2021-01-29T10:33:31","guid":{"rendered":"http:\/\/maquette.sg2i.net\/?page_id=215"},"modified":"2021-01-29T11:47:42","modified_gmt":"2021-01-29T10:47:42","slug":"liste-des-membres-et-photos","status":"publish","type":"page","link":"https:\/\/maquette.sg2i.net\/index.php\/liste-des-membres-et-photos\/","title":{"rendered":"Liste des membres et photos"},"content":{"rendered":"\t\t<div data-elementor-type=\"wp-page\" data-elementor-id=\"215\" class=\"elementor elementor-215\" data-elementor-settings=\"[]\">\n\t\t\t\t\t\t<div class=\"elementor-inner\">\n\t\t\t\t\t\t\t<div class=\"elementor-section-wrap\">\n\t\t\t\t\t\t\t<section class=\"elementor-section elementor-top-section elementor-element elementor-element-2e2251da elementor-section-stretched elementor-section-boxed elementor-section-height-default elementor-section-height-default\" data-id=\"2e2251da\" data-element_type=\"section\" data-settings=\"{&quot;stretch_section&quot;:&quot;section-stretched&quot;}\">\n\t\t\t\t\t\t<div class=\"elementor-container elementor-column-gap-default\">\n\t\t\t\t\t\t\t<div class=\"elementor-row\">\n\t\t\t\t\t<div class=\"elementor-column elementor-col-100 elementor-top-column elementor-element elementor-element-1d3109a2\" data-id=\"1d3109a2\" data-element_type=\"column\">\n\t\t\t<div class=\"elementor-column-wrap elementor-element-populated\">\n\t\t\t\t\t\t\t<div class=\"elementor-widget-wrap\">\n\t\t\t\t\t\t<div class=\"elementor-element elementor-element-c842630 elementor-widget elementor-widget-text-editor\" data-id=\"c842630\" data-element_type=\"widget\" data-widget_type=\"text-editor.default\">\n\t\t\t\t<div class=\"elementor-widget-container\">\n\t\t\t\t\t\t\t\t<div class=\"elementor-text-editor elementor-clearfix\">\n\t\t\t\t\t<p><\/p><p><span style=\"display: inline-block; background: white; padding: 0 8px; font-size: 13px; line-height: 25px; vertical-align: middle;\"><div class=\"tmm tmm_maire\"><div class=\"tmm_1_columns tmm_wrap tmm_plugin_f\"><span class=\"tmm_two_containers_tablet\"><\/span><div class=\"tmm_container\"><div class=\"tmm_member\" style=\"border-top:#398291 solid 5px;\"><div class=\"tmm_photo tmm_pic_maire_0\" style=\"background: url(http:\/\/maquette.sg2i.net\/wp-content\/uploads\/2021\/01\/1.jpg); margin-left: auto; margin-right:auto; background-size:cover !important;\"><\/div><div class=\"tmm_textblock\"><div class=\"tmm_names\"><span class=\"tmm_fname\">LOURY<\/span> <span class=\"tmm_lname\">Alain<\/span><\/div><div class=\"tmm_job\">Maire<\/div><div class=\"tmm_scblock\"><\/div><\/div><\/div><div style=\"clear:both;\"><\/div><\/div><\/div><\/div><\/span><\/p><p><span style=\"display: inline-block; background: white; padding: 0 8px; font-size: 13px; line-height: 25px; vertical-align: middle;\">\u00a0<\/span><\/p><hr \/><p><span style=\"display: inline-block; background: white; padding: 0 8px; font-size: 13px; line-height: 25px; vertical-align: middle;\"><span style=\"display: inline-block; background: white; padding: 0 8px; font-size: 13px; line-height: 25px; vertical-align: middle;\"><div class=\"tmm tmm_adjoints\"><div class=\"tmm_4_columns tmm_wrap tmm_plugin_f\"><span class=\"tmm_two_containers_tablet\"><\/span><div class=\"tmm_container\"><div class=\"tmm_member\" style=\"border-top:#d04e41 solid 5px;\"><div class=\"tmm_photo tmm_pic_adjoints_0\" style=\"background: url(http:\/\/maquette.sg2i.net\/wp-content\/uploads\/2021\/01\/6.jpg); margin-left: auto; margin-right:auto; background-size:cover !important;\"><\/div><div class=\"tmm_textblock\"><div class=\"tmm_names\"><span class=\"tmm_fname\">BARY<\/span> <span class=\"tmm_lname\">Mich\u00e8le<\/span><\/div><div class=\"tmm_job\">Maire d\u00e9l\u00e9gu\u00e9e de Cravant<\/div><div class=\"tmm_scblock\"><\/div><\/div><\/div><div class=\"tmm_member\" style=\"border-top:#d04e41 solid 5px;\"><div class=\"tmm_photo tmm_pic_adjoints_1\" style=\"background: url(http:\/\/maquette.sg2i.net\/wp-content\/uploads\/2021\/01\/8.jpg); margin-left: auto; margin-right:auto; background-size:cover !important;\"><\/div><div class=\"tmm_textblock\"><div class=\"tmm_names\"><span class=\"tmm_fname\">LAMBERT<\/span> <span class=\"tmm_lname\">Patrice<\/span><\/div><div class=\"tmm_job\">2\u00b0 Adjoint<br> Reponsable de la voirie et des travaux<bR> Pr\u00e9sident de l&rsquo;Association<\/div><div class=\"tmm_scblock\"><\/div><\/div><\/div><span class=\"tmm_two_containers_tablet\"><\/span><div class=\"tmm_member\" style=\"border-top:#d04e41 solid 5px;\"><div class=\"tmm_photo tmm_pic_adjoints_2\" style=\"background: url(http:\/\/maquette.sg2i.net\/wp-content\/uploads\/2021\/01\/9.jpg); margin-left: auto; margin-right:auto; background-size:cover !important;\"><\/div><div class=\"tmm_textblock\"><div class=\"tmm_names\"><span class=\"tmm_fname\">FACON<\/span> <span class=\"tmm_lname\">Sabrina<\/span><\/div><div class=\"tmm_job\">3\u00b0 Adjointe<br>Responsable de la commission commission<\/div><div class=\"tmm_scblock\"><\/div><\/div><\/div><div class=\"tmm_member\" style=\"border-top:#d04e41 solid 5px;\"><div class=\"tmm_photo tmm_pic_adjoints_3\" style=\"background: url(http:\/\/maquette.sg2i.net\/wp-content\/uploads\/2021\/01\/2.jpg); margin-left: auto; margin-right:auto; background-size:cover !important;\"><\/div><div class=\"tmm_textblock\"><div class=\"tmm_names\"><span class=\"tmm_fname\">FRANCK<\/span> <span class=\"tmm_lname\">J\u00e9r\u00f4me<\/span><\/div><div class=\"tmm_job\">4\u00b0 Adjoint<br>Responsable de la commission commission<\/div><div class=\"tmm_scblock\"><\/div><\/div><\/div><span class=\"tmm_two_containers_tablet\"><\/span><\/div><span class=\"tmm_columns_containers_desktop\"><\/span><div class=\"tmm_container\"><div class=\"tmm_member\" style=\"border-top:#d04e41 solid 5px;\"><div class=\"tmm_photo tmm_pic_adjoints_4\" style=\"background: url(https:\/\/maquette.sg2i.net\/wp-content\/uploads\/2021\/01\/4.jpg); margin-left: auto; margin-right:auto; background-size:cover !important;\"><\/div><div class=\"tmm_textblock\"><div class=\"tmm_names\"><span class=\"tmm_fname\">MOULINET<\/span> <span class=\"tmm_lname\">Florence<\/span><\/div><div class=\"tmm_job\">5\u00b0 Adjoint<\/div><div class=\"tmm_scblock\"><\/div><\/div><\/div><div style=\"clear:both;\"><\/div><\/div><\/div><\/div><\/span><\/span><\/p><p><span style=\"display: inline-block; background: white; padding: 0 8px; font-size: 13px; line-height: 25px; vertical-align: middle;\"><span style=\"display: inline-block; background: white; padding: 0 8px; font-size: 13px; line-height: 25px; vertical-align: middle;\">\u00a0<\/span><\/span><\/p><hr \/><h2 style=\"text-align: center;\"><br \/><span style=\"display: inline-block; background: white; padding: 0 8px; font-size: 13px; line-height: 25px; vertical-align: middle;\"><span style=\"display: inline-block; background: white; padding: 0 8px; font-size: 13px; line-height: 25px; vertical-align: middle;\"><span style=\"font-size: 36pt; color: #d04e41;\"><\/span><\/span><\/span><\/h2><h2 style=\"text-align: center;\"><span style=\"display: inline-block; background: white; padding: 0 8px; font-size: 13px; line-height: 25px; vertical-align: middle;\"><span style=\"display: inline-block; background: white; padding: 0 8px; font-size: 13px; line-height: 25px; vertical-align: middle;\"><span style=\"font-size: 36pt; color: #d04e41;\">Conseillers Municipaux<\/span><br \/><\/span><\/span><\/h2><p><span style=\"display: inline-block; background: white; padding: 0 8px; font-size: 13px; line-height: 25px; vertical-align: middle;\"><span style=\"display: inline-block; background: white; padding: 0 8px; font-size: 13px; line-height: 25px; vertical-align: middle;\"><span style=\"display: inline-block; background: white; padding: 0 8px; font-size: 13px; line-height: 25px; vertical-align: middle;\"><div class=\"tmm tmm_conseillers-municipaux\"><div class=\"tmm_4_columns tmm_wrap tmm_plugin_f\"><span class=\"tmm_two_containers_tablet\"><\/span><div class=\"tmm_container\"><div class=\"tmm_member\" style=\"border-top:#398291 solid 5px;\"><div class=\"tmm_photo tmm_pic_conseillers-municipaux_0\" style=\"background: url(http:\/\/maquette.sg2i.net\/wp-content\/uploads\/2021\/01\/16.jpg); margin-left: auto; margin-right:auto; background-size:cover !important;\"><\/div><div class=\"tmm_textblock\"><div class=\"tmm_names\"><span class=\"tmm_fname\">Jean-Fran\u00e7ois<\/span> <span class=\"tmm_lname\">SILVAN<\/span><\/div><div class=\"tmm_scblock\"><\/div><\/div><\/div><div class=\"tmm_member\" style=\"border-top:#398291 solid 5px;\"><div class=\"tmm_photo tmm_pic_conseillers-municipaux_1\" style=\"background: url(http:\/\/maquette.sg2i.net\/wp-content\/uploads\/2021\/01\/17.jpg); margin-left: auto; margin-right:auto; background-size:cover !important;\"><\/div><div class=\"tmm_textblock\"><div class=\"tmm_names\"><span class=\"tmm_fname\">CHAUVIN<\/span> <span class=\"tmm_lname\">Eric<\/span><\/div><div class=\"tmm_scblock\"><\/div><\/div><\/div><span class=\"tmm_two_containers_tablet\"><\/span><div class=\"tmm_member\" style=\"border-top:#398291 solid 5px;\"><div class=\"tmm_photo tmm_pic_conseillers-municipaux_2\" style=\"background: url(http:\/\/maquette.sg2i.net\/wp-content\/uploads\/2021\/01\/4.jpg); margin-left: auto; margin-right:auto; background-size:cover !important;\"><\/div><div class=\"tmm_textblock\"><div class=\"tmm_names\"><span class=\"tmm_fname\">BOUCHROU<\/span> <span class=\"tmm_lname\">Leila<\/span><\/div><div class=\"tmm_scblock\"><\/div><\/div><\/div><div class=\"tmm_member\" style=\"border-top:#398291 solid 5px;\"><div class=\"tmm_photo tmm_pic_conseillers-municipaux_3\" style=\"background: url(http:\/\/maquette.sg2i.net\/wp-content\/uploads\/2021\/01\/10.jpg); margin-left: auto; margin-right:auto; background-size:cover !important;\"><\/div><div class=\"tmm_textblock\"><div class=\"tmm_names\"><span class=\"tmm_fname\">CEREZA<\/span> <span class=\"tmm_lname\">Nicolas<\/span><\/div><div class=\"tmm_scblock\"><\/div><\/div><\/div><span class=\"tmm_two_containers_tablet\"><\/span><\/div><span class=\"tmm_columns_containers_desktop\"><\/span><div class=\"tmm_container\"><div class=\"tmm_member\" style=\"border-top:#398291 solid 5px;\"><div class=\"tmm_photo tmm_pic_conseillers-municipaux_4\" style=\"background: url(http:\/\/maquette.sg2i.net\/wp-content\/uploads\/2021\/01\/7.jpg); margin-left: auto; margin-right:auto; background-size:cover !important;\"><\/div><div class=\"tmm_textblock\"><div class=\"tmm_names\"><span class=\"tmm_fname\">RITZ<\/span> <span class=\"tmm_lname\">Emilie<\/span><\/div><div class=\"tmm_scblock\"><\/div><\/div><\/div><div class=\"tmm_member\" style=\"border-top:#398291 solid 5px;\"><div class=\"tmm_photo tmm_pic_conseillers-municipaux_5\" style=\"background: url(http:\/\/maquette.sg2i.net\/wp-content\/uploads\/2021\/01\/14.jpg); margin-left: auto; margin-right:auto; background-size:cover !important;\"><\/div><div class=\"tmm_textblock\"><div class=\"tmm_names\"><span class=\"tmm_fname\">BARNIER<\/span> <span class=\"tmm_lname\">Morgan<\/span><\/div><div class=\"tmm_scblock\"><\/div><\/div><\/div><span class=\"tmm_two_containers_tablet\"><\/span><div class=\"tmm_member\" style=\"border-top:#398291 solid 5px;\"><div class=\"tmm_photo tmm_pic_conseillers-municipaux_6\" style=\"background: url(http:\/\/maquette.sg2i.net\/wp-content\/uploads\/2021\/01\/12.jpg); margin-left: auto; margin-right:auto; background-size:cover !important;\"><\/div><div class=\"tmm_textblock\"><div class=\"tmm_names\"><span class=\"tmm_fname\">DA SILVA NATARIO<\/span> <span class=\"tmm_lname\">Joana<\/span><\/div><div class=\"tmm_scblock\"><\/div><\/div><\/div><div class=\"tmm_member\" style=\"border-top:#398291 solid 5px;\"><div class=\"tmm_photo tmm_pic_conseillers-municipaux_7\" style=\"background: url(http:\/\/maquette.sg2i.net\/wp-content\/uploads\/2021\/01\/15.jpg); margin-left: auto; margin-right:auto; background-size:cover !important;\"><\/div><div class=\"tmm_textblock\"><div class=\"tmm_names\"><span class=\"tmm_fname\">MONCOMBLE<\/span> <span class=\"tmm_lname\">Fabien<\/span><\/div><div class=\"tmm_scblock\"><\/div><\/div><\/div><span class=\"tmm_two_containers_tablet\"><\/span><\/div><span class=\"tmm_columns_containers_desktop\"><\/span><div class=\"tmm_container\"><div class=\"tmm_member\" style=\"border-top:#398291 solid 5px;\"><div class=\"tmm_photo tmm_pic_conseillers-municipaux_8\" style=\"background: url(http:\/\/maquette.sg2i.net\/wp-content\/uploads\/2021\/01\/13.jpg); margin-left: auto; margin-right:auto; background-size:cover !important;\"><\/div><div class=\"tmm_textblock\"><div class=\"tmm_names\"><span class=\"tmm_fname\">GUEUX<\/span> <span class=\"tmm_lname\">Bruno<\/span><\/div><div class=\"tmm_scblock\"><\/div><\/div><\/div><div class=\"tmm_member\" style=\"border-top:#398291 solid 5px;\"><div class=\"tmm_photo tmm_pic_conseillers-municipaux_9\" style=\"background: url(http:\/\/maquette.sg2i.net\/wp-content\/uploads\/2021\/01\/11.jpg); margin-left: auto; margin-right:auto; background-size:cover !important;\"><\/div><div class=\"tmm_textblock\"><div class=\"tmm_names\"><span class=\"tmm_fname\">NICOLLE<\/span> <span class=\"tmm_lname\">Laurette<\/span><\/div><div class=\"tmm_scblock\"><\/div><\/div><\/div><span class=\"tmm_two_containers_tablet\"><\/span><div class=\"tmm_member\" style=\"border-top:#398291 solid 5px;\"><div class=\"tmm_photo tmm_pic_conseillers-municipaux_10\" style=\"background: url(http:\/\/maquette.sg2i.net\/wp-content\/uploads\/2021\/01\/5.jpg); margin-left: auto; margin-right:auto; background-size:cover !important;\"><\/div><div class=\"tmm_textblock\"><div class=\"tmm_names\"><span class=\"tmm_fname\">ROBIN<\/span> <span class=\"tmm_lname\">Floriane<\/span><\/div><div class=\"tmm_scblock\"><\/div><\/div><\/div><div style=\"clear:both;\"><\/div><\/div><\/div><\/div><\/span><\/span><\/span><\/p>\t\t\t\t\t<\/div>\n\t\t\t\t\t\t<\/div>\n\t\t\t\t<\/div>\n\t\t\t\t\t\t<\/div>\n\t\t\t\t\t<\/div>\n\t\t<\/div>\n\t\t\t\t\t\t\t\t<\/div>\n\t\t\t\t\t<\/div>\n\t\t<\/section>\n\t\t\t\t\t\t<\/div>\n\t\t\t\t\t\t<\/div>\n\t\t\t\t\t<\/div>\n\t\t","protected":false},"excerpt":{"rendered":"<p>\u00a0 \u00a0 Conseillers Municipaux<\/p>\n","protected":false},"author":1,"featured_media":0,"parent":0,"menu_order":0,"comment_status":"closed","ping_status":"closed","template":"","meta":[],"_links":{"self":[{"href":"https:\/\/maquette.sg2i.net\/index.php\/wp-json\/wp\/v2\/pages\/215"}],"collection":[{"href":"https:\/\/maquette.sg2i.net\/index.php\/wp-json\/wp\/v2\/pages"}],"about":[{"href":"https:\/\/maquette.sg2i.net\/index.php\/wp-json\/wp\/v2\/types\/page"}],"author":[{"embeddable":true,"href":"https:\/\/maquette.sg2i.net\/index.php\/wp-json\/wp\/v2\/users\/1"}],"replies":[{"embeddable":true,"href":"https:\/\/maquette.sg2i.net\/index.php\/wp-json\/wp\/v2\/comments?post=215"}],"version-history":[{"count":15,"href":"https:\/\/maquette.sg2i.net\/index.php\/wp-json\/wp\/v2\/pages\/215\/revisions"}],"predecessor-version":[{"id":231,"href":"https:\/\/maquette.sg2i.net\/index.php\/wp-json\/wp\/v2\/pages\/215\/revisions\/231"}],"wp:attachment":[{"href":"https:\/\/maquette.sg2i.net\/index.php\/wp-json\/wp\/v2\/media?parent=215"}],"curies":[{"name":"wp","href":"https:\/\/api.w.org\/{rel}","templated":true}]}}